{"id":231,"date":"2023-07-28T18:20:26","date_gmt":"2023-07-28T18:20:26","guid":{"rendered":"https:\/\/futuraestudio.arq.br\/?page_id=231"},"modified":"2025-06-16T10:41:39","modified_gmt":"2025-06-16T10:41:39","slug":"contato","status":"publish","type":"page","link":"https:\/\/futuraestudio.arq.br\/index.php\/contato\/","title":{"rendered":"Contato"},"content":{"rendered":"<p>[et_pb_section fb_built=&#8221;1&#8243; specialty=&#8221;on&#8221; _builder_version=&#8221;4.21.2&#8243; _module_preset=&#8221;default&#8221; global_colors_info=&#8221;{}&#8221;][et_pb_column type=&#8221;1_2&#8243; specialty_columns=&#8221;2&#8243; _builder_version=&#8221;4.16&#8243; custom_padding=&#8221;|||&#8221; global_colors_info=&#8221;{}&#8221; custom_padding__hover=&#8221;|||&#8221;][et_pb_row_inner _builder_version=&#8221;4.21.2&#8243; _module_preset=&#8221;default&#8221; global_colors_info=&#8221;{}&#8221;][et_pb_column_inner saved_specialty_column_type=&#8221;1_2&#8243; _builder_version=&#8221;4.21.2&#8243; _module_preset=&#8221;default&#8221; global_colors_info=&#8221;{}&#8221;][et_pb_contact_form email=&#8221;ola@futuraestudio.arq.br&#8221; title=&#8221;Contato&#8221; success_message=&#8221;Enviado&#8221; submit_button_text=&#8221;Enviar&#8221; _builder_version=&#8221;4.27.4&#8243; _module_preset=&#8221;default&#8221; _unique_id=&#8221;42b56a25-32bd-4800-a3a1-a5a17caa6e11&#8243; custom_button=&#8221;on&#8221; button_text_size=&#8221;18px&#8221; button_text_color=&#8221;#282828&#8243; button_border_width=&#8221;1px&#8221; button_border_radius=&#8221;1px&#8221; button_font=&#8221;|||on|||||&#8221; hover_enabled=&#8221;0&#8243; global_colors_info=&#8221;{}&#8221; sticky_enabled=&#8221;0&#8243;][et_pb_contact_field field_id=&#8221;Nome&#8221; field_title=&#8221;Nome&#8221; fullwidth_field=&#8221;on&#8221; _builder_version=&#8221;4.21.2&#8243; global_colors_info=&#8221;{}&#8221; button_text_size__hover_enabled=&#8221;off&#8221; button_one_text_size__hover_enabled=&#8221;off&#8221; button_two_text_size__hover_enabled=&#8221;off&#8221; button_text_color__hover_enabled=&#8221;off&#8221; button_one_text_color__hover_enabled=&#8221;off&#8221; button_two_text_color__hover_enabled=&#8221;off&#8221; button_border_width__hover_enabled=&#8221;off&#8221; button_one_border_width__hover_enabled=&#8221;off&#8221; button_two_border_width__hover_enabled=&#8221;off&#8221; button_border_color__hover_enabled=&#8221;off&#8221; button_one_border_color__hover_enabled=&#8221;off&#8221; button_two_border_color__hover_enabled=&#8221;off&#8221; button_border_radius__hover_enabled=&#8221;off&#8221; button_one_border_radius__hover_enabled=&#8221;off&#8221; button_two_border_radius__hover_enabled=&#8221;off&#8221; button_letter_spacing__hover_enabled=&#8221;off&#8221; button_one_letter_spacing__hover_enabled=&#8221;off&#8221; button_two_letter_spacing__hover_enabled=&#8221;off&#8221; button_bg_color__hover_enabled=&#8221;off&#8221; button_one_bg_color__hover_enabled=&#8221;off&#8221; button_two_bg_color__hover_enabled=&#8221;off&#8221;][\/et_pb_contact_field][et_pb_contact_field field_id=&#8221;E-mail&#8221; field_title=&#8221;E-mail&#8221; field_type=&#8221;email&#8221; fullwidth_field=&#8221;on&#8221; _builder_version=&#8221;4.21.2&#8243; global_colors_info=&#8221;{}&#8221; button_text_size__hover_enabled=&#8221;off&#8221; button_one_text_size__hover_enabled=&#8221;off&#8221; button_two_text_size__hover_enabled=&#8221;off&#8221; button_text_color__hover_enabled=&#8221;off&#8221; button_one_text_color__hover_enabled=&#8221;off&#8221; button_two_text_color__hover_enabled=&#8221;off&#8221; button_border_width__hover_enabled=&#8221;off&#8221; button_one_border_width__hover_enabled=&#8221;off&#8221; button_two_border_width__hover_enabled=&#8221;off&#8221; button_border_color__hover_enabled=&#8221;off&#8221; button_one_border_color__hover_enabled=&#8221;off&#8221; button_two_border_color__hover_enabled=&#8221;off&#8221; button_border_radius__hover_enabled=&#8221;off&#8221; button_one_border_radius__hover_enabled=&#8221;off&#8221; button_two_border_radius__hover_enabled=&#8221;off&#8221; button_letter_spacing__hover_enabled=&#8221;off&#8221; button_one_letter_spacing__hover_enabled=&#8221;off&#8221; button_two_letter_spacing__hover_enabled=&#8221;off&#8221; button_bg_color__hover_enabled=&#8221;off&#8221; button_one_bg_color__hover_enabled=&#8221;off&#8221; button_two_bg_color__hover_enabled=&#8221;off&#8221;][\/et_pb_contact_field][et_pb_contact_field field_id=&#8221;Telefone&#8221; field_title=&#8221;Telefone&#8221; fullwidth_field=&#8221;on&#8221; _builder_version=&#8221;4.21.2&#8243; _module_preset=&#8221;default&#8221; global_colors_info=&#8221;{}&#8221;][\/et_pb_contact_field][et_pb_contact_field field_id=&#8221;Preciso&#8221; field_title=&#8221;Preciso&#8221; field_type=&#8221;checkbox&#8221; checkbox_options=&#8221;%91{%22value%22:%22Reformar meu apartamento%22,%22checked%22:0,%22dragID%22:-1},{%22value%22:%22Reformar minha casa%22,%22checked%22:0,%22dragID%22:0},{%22value%22:%22Reformar comercial%22,%22checked%22:0,%22dragID%22:2},{%22value%22:%22Construir %22,%22checked%22:0,%22dragID%22:1}%93&#8243; fullwidth_field=&#8221;on&#8221; _builder_version=&#8221;4.21.2&#8243; _module_preset=&#8221;default&#8221; global_colors_info=&#8221;{}&#8221;][\/et_pb_contact_field][et_pb_contact_field field_id=&#8221;Localizacao\/metragem&#8221; field_title=&#8221;Localiza\u00e7\u00e3o\/metragem&#8221; fullwidth_field=&#8221;on&#8221; _builder_version=&#8221;4.21.2&#8243; _module_preset=&#8221;default&#8221; global_colors_info=&#8221;{}&#8221;][\/et_pb_contact_field][et_pb_contact_field field_id=&#8221;Quero&#8221; field_title=&#8221;Quero&#8221; field_type=&#8221;checkbox&#8221; checkbox_options=&#8221;%91{%22value%22:%22Projeto e obra%22,%22checked%22:0,%22dragID%22:-1},{%22value%22:%22S\u00f3 projeto%22,%22checked%22:0,%22dragID%22:0},{%22value%22:%22N\u00e3o sei%22,%22checked%22:0,%22dragID%22:2}%93&#8243; fullwidth_field=&#8221;on&#8221; _builder_version=&#8221;4.21.2&#8243; _module_preset=&#8221;default&#8221; global_colors_info=&#8221;{}&#8221;][\/et_pb_contact_field][et_pb_contact_field field_id=&#8221;Qual_\u00e9_sua_expectativa_para_in\u00edcio?&#8221; field_title=&#8221;Qual \u00e9 sua expectativa para o in\u00edcio do projeto?&#8221; field_type=&#8221;checkbox&#8221; checkbox_options=&#8221;%91{%22value%22:%22Quero come\u00e7ar em alguns meses%22,%22checked%22:0,%22dragID%22:-1},{%22value%22:%22Quero come\u00e7ar o quanto antes%22,%22checked%22:0,%22dragID%22:0},{%22value%22:%22Tenho flexibilidade%22,%22checked%22:0,%22dragID%22:1}%93&#8243; fullwidth_field=&#8221;on&#8221; _builder_version=&#8221;4.24.0&#8243; _module_preset=&#8221;default&#8221; global_colors_info=&#8221;{}&#8221;][\/et_pb_contact_field][et_pb_contact_field field_id=&#8221;Nos_conte_um_pouco_sobre_o_que_pensa_para_seu_espa\u00e7o:&#8221; field_title=&#8221;Nos conte um pouco sobre o que pensa para seu espa\u00e7o&#8221; field_type=&#8221;text&#8221; fullwidth_field=&#8221;on&#8221; _builder_version=&#8221;4.21.2&#8243; _module_preset=&#8221;default&#8221; global_colors_info=&#8221;{}&#8221;][\/et_pb_contact_field][\/et_pb_contact_form][\/et_pb_column_inner][\/et_pb_row_inner][\/et_pb_column][et_pb_column type=&#8221;1_2&#8243; _builder_version=&#8221;4.16&#8243; custom_padding=&#8221;|||&#8221; global_colors_info=&#8221;{}&#8221; custom_padding__hover=&#8221;|||&#8221;][et_pb_text _builder_version=&#8221;4.23.1&#8243; _module_preset=&#8221;default&#8221; text_font=&#8221;Futura Light|||on|||||&#8221; text_orientation=&#8221;right&#8221; global_colors_info=&#8221;{}&#8221;]Telefone <a href=\"tel:5511946093533\">+55 11 946 093 533<\/a><br \/>\nInstagram <a href=\"https:\/\/www.instagram.com\/futura.estudio\/\">@futura.estudio<\/a><br \/>\nFacebook <a href=\"https:\/\/fb.com\/futura.estudio.arq\/\">\/futura.estudio.arq<\/a><\/p>\n<p><a href=\"mailto:ola@futuraestudio.arq.br\">ola@futuraestudio.arq.br<\/a><\/p>\n<p>&nbsp;<\/p>\n<div jstcache=\"25\" class=\"address\" jsan=\"7.address\">R. Margarida, 59 &#8211; Barra Funda<br \/>\nS\u00e3o Paulo &#8211; SP, 01154-030<\/div>\n<p>[\/et_pb_text][\/et_pb_column][\/et_pb_section][et_pb_section fb_built=&#8221;1&#8243; fullwidth=&#8221;on&#8221; _builder_version=&#8221;4.21.2&#8243; _module_preset=&#8221;default&#8221; custom_margin=&#8221;0px||-10px||false|false&#8221; custom_padding=&#8221;||0px||false|false&#8221; global_colors_info=&#8221;{}&#8221;][et_pb_fullwidth_code _builder_version=&#8221;4.21.2&#8243; _module_preset=&#8221;default&#8221; global_colors_info=&#8221;{}&#8221;]<iframe src=\"https:\/\/www.google.com\/maps\/embed?pb=!1m18!1m12!1m3!1d3658.028284033723!2d-46.660097!3d-23.531485099999998!2m3!1f0!2f0!3f0!3m2!1i1024!2i768!4f13.1!3m3!1m2!1s0x94ce581091ce5e03%3A0xdff0d33465fd9b9e!2sR.%20Margarida%2C%2059%20-%20Barra%20Funda%2C%20S%C3%A3o%20Paulo%20-%20SP%2C%2001154-030!5e0!3m2!1sen!2sbr!4v1692637886999!5m2!1sen!2sbr\" width=\"2530\" height=\"800\" style=\"border:0;\" allowfullscreen=\"\" loading=\"lazy\" referrerpolicy=\"no-referrer-when-downgrade\"><\/iframe>[\/et_pb_fullwidth_code][\/et_pb_section]<\/p>\n","protected":false},"excerpt":{"rendered":"<p>Telefone +55 11 946 093 533 Instagram @futura.estudio Facebook \/futura.estudio.arq ola@futuraestudio.arq.br &nbsp; R. Margarida, 59 &#8211; Barra Funda S\u00e3o Paulo &#8211; SP, 01154-030<\/p>\n","protected":false},"author":1,"featured_media":0,"parent":0,"menu_order":0,"comment_status":"closed","ping_status":"closed","template":"","meta":{"_et_pb_use_builder":"on","_et_pb_old_content":"","_et_gb_content_width":"","footnotes":"","_links_to":"","_links_to_target":""},"class_list":["post-231","page","type-page","status-publish","hentry"],"yoast_head":"<!-- This site is optimized with the Yoast SEO plugin v26.9 - https:\/\/yoast.com\/product\/yoast-seo-wordpress\/ -->\n<title>Contato - FUTURA<\/title>\n<meta name=\"robots\" content=\"index, follow, max-snippet:-1, max-image-preview:large, max-video-preview:-1\" \/>\n<link rel=\"canonical\" href=\"https:\/\/futuraestudio.arq.br\/index.php\/contato\/\" \/>\n<meta property=\"og:locale\" content=\"en_US\" \/>\n<meta property=\"og:type\" content=\"article\" \/>\n<meta property=\"og:title\" content=\"Contato - FUTURA\" \/>\n<meta property=\"og:description\" content=\"Telefone +55 11 946 093 533 Instagram @futura.estudio Facebook \/futura.estudio.arq ola@futuraestudio.arq.br &nbsp; R. Margarida, 59 - Barra Funda S\u00e3o Paulo - SP, 01154-030\" \/>\n<meta property=\"og:url\" content=\"https:\/\/futuraestudio.arq.br\/index.php\/contato\/\" \/>\n<meta property=\"og:site_name\" content=\"FUTURA\" \/>\n<meta property=\"article:publisher\" content=\"https:\/\/fb.com\/futura.estudio.arq\/\" \/>\n<meta property=\"article:modified_time\" content=\"2025-06-16T10:41:39+00:00\" \/>\n<meta name=\"twitter:card\" content=\"summary_large_image\" \/>\n<meta name=\"twitter:label1\" content=\"Est. reading time\" \/>\n\t<meta name=\"twitter:data1\" content=\"4 minutes\" \/>\n<script type=\"application\/ld+json\" class=\"yoast-schema-graph\">{\"@context\":\"https:\/\/schema.org\",\"@graph\":[{\"@type\":\"WebPage\",\"@id\":\"https:\/\/futuraestudio.arq.br\/index.php\/contato\/\",\"url\":\"https:\/\/futuraestudio.arq.br\/index.php\/contato\/\",\"name\":\"Contato - FUTURA\",\"isPartOf\":{\"@id\":\"https:\/\/futuraestudio.arq.br\/#website\"},\"datePublished\":\"2023-07-28T18:20:26+00:00\",\"dateModified\":\"2025-06-16T10:41:39+00:00\",\"breadcrumb\":{\"@id\":\"https:\/\/futuraestudio.arq.br\/index.php\/contato\/#breadcrumb\"},\"inLanguage\":\"en-US\",\"potentialAction\":[{\"@type\":\"ReadAction\",\"target\":[\"https:\/\/futuraestudio.arq.br\/index.php\/contato\/\"]}]},{\"@type\":\"BreadcrumbList\",\"@id\":\"https:\/\/futuraestudio.arq.br\/index.php\/contato\/#breadcrumb\",\"itemListElement\":[{\"@type\":\"ListItem\",\"position\":1,\"name\":\"Home\",\"item\":\"https:\/\/futuraestudio.arq.br\/\"},{\"@type\":\"ListItem\",\"position\":2,\"name\":\"Contato\"}]},{\"@type\":\"WebSite\",\"@id\":\"https:\/\/futuraestudio.arq.br\/#website\",\"url\":\"https:\/\/futuraestudio.arq.br\/\",\"name\":\"FUTURA\",\"description\":\"facilitamos o complexo e respeitamos o simples\",\"publisher\":{\"@id\":\"https:\/\/futuraestudio.arq.br\/#organization\"},\"potentialAction\":[{\"@type\":\"SearchAction\",\"target\":{\"@type\":\"EntryPoint\",\"urlTemplate\":\"https:\/\/futuraestudio.arq.br\/?s={search_term_string}\"},\"query-input\":{\"@type\":\"PropertyValueSpecification\",\"valueRequired\":true,\"valueName\":\"search_term_string\"}}],\"inLanguage\":\"en-US\"},{\"@type\":\"Organization\",\"@id\":\"https:\/\/futuraestudio.arq.br\/#organization\",\"name\":\"FUTURA\",\"url\":\"https:\/\/futuraestudio.arq.br\/\",\"logo\":{\"@type\":\"ImageObject\",\"inLanguage\":\"en-US\",\"@id\":\"https:\/\/futuraestudio.arq.br\/#\/schema\/logo\/image\/\",\"url\":\"https:\/\/futuraestudio.arq.br\/wp-content\/uploads\/2023\/07\/FUTURA_ESTUDIO_LOGO.svg\",\"contentUrl\":\"https:\/\/futuraestudio.arq.br\/wp-content\/uploads\/2023\/07\/FUTURA_ESTUDIO_LOGO.svg\",\"width\":\"1024\",\"height\":\"1024\",\"caption\":\"FUTURA\"},\"image\":{\"@id\":\"https:\/\/futuraestudio.arq.br\/#\/schema\/logo\/image\/\"},\"sameAs\":[\"https:\/\/fb.com\/futura.estudio.arq\/\",\"https:\/\/www.instagram.com\/futura.estudio\/\"]}]}<\/script>\n<!-- \/ Yoast SEO plugin. -->","yoast_head_json":{"title":"Contato - FUTURA","robots":{"index":"index","follow":"follow","max-snippet":"max-snippet:-1","max-image-preview":"max-image-preview:large","max-video-preview":"max-video-preview:-1"},"canonical":"https:\/\/futuraestudio.arq.br\/index.php\/contato\/","og_locale":"en_US","og_type":"article","og_title":"Contato - FUTURA","og_description":"Telefone +55 11 946 093 533 Instagram @futura.estudio Facebook \/futura.estudio.arq ola@futuraestudio.arq.br &nbsp; R. Margarida, 59 - Barra Funda S\u00e3o Paulo - SP, 01154-030","og_url":"https:\/\/futuraestudio.arq.br\/index.php\/contato\/","og_site_name":"FUTURA","article_publisher":"https:\/\/fb.com\/futura.estudio.arq\/","article_modified_time":"2025-06-16T10:41:39+00:00","twitter_card":"summary_large_image","twitter_misc":{"Est. reading time":"4 minutes"},"schema":{"@context":"https:\/\/schema.org","@graph":[{"@type":"WebPage","@id":"https:\/\/futuraestudio.arq.br\/index.php\/contato\/","url":"https:\/\/futuraestudio.arq.br\/index.php\/contato\/","name":"Contato - FUTURA","isPartOf":{"@id":"https:\/\/futuraestudio.arq.br\/#website"},"datePublished":"2023-07-28T18:20:26+00:00","dateModified":"2025-06-16T10:41:39+00:00","breadcrumb":{"@id":"https:\/\/futuraestudio.arq.br\/index.php\/contato\/#breadcrumb"},"inLanguage":"en-US","potentialAction":[{"@type":"ReadAction","target":["https:\/\/futuraestudio.arq.br\/index.php\/contato\/"]}]},{"@type":"BreadcrumbList","@id":"https:\/\/futuraestudio.arq.br\/index.php\/contato\/#breadcrumb","itemListElement":[{"@type":"ListItem","position":1,"name":"Home","item":"https:\/\/futuraestudio.arq.br\/"},{"@type":"ListItem","position":2,"name":"Contato"}]},{"@type":"WebSite","@id":"https:\/\/futuraestudio.arq.br\/#website","url":"https:\/\/futuraestudio.arq.br\/","name":"FUTURA","description":"facilitamos o complexo e respeitamos o simples","publisher":{"@id":"https:\/\/futuraestudio.arq.br\/#organization"},"potentialAction":[{"@type":"SearchAction","target":{"@type":"EntryPoint","urlTemplate":"https:\/\/futuraestudio.arq.br\/?s={search_term_string}"},"query-input":{"@type":"PropertyValueSpecification","valueRequired":true,"valueName":"search_term_string"}}],"inLanguage":"en-US"},{"@type":"Organization","@id":"https:\/\/futuraestudio.arq.br\/#organization","name":"FUTURA","url":"https:\/\/futuraestudio.arq.br\/","logo":{"@type":"ImageObject","inLanguage":"en-US","@id":"https:\/\/futuraestudio.arq.br\/#\/schema\/logo\/image\/","url":"https:\/\/futuraestudio.arq.br\/wp-content\/uploads\/2023\/07\/FUTURA_ESTUDIO_LOGO.svg","contentUrl":"https:\/\/futuraestudio.arq.br\/wp-content\/uploads\/2023\/07\/FUTURA_ESTUDIO_LOGO.svg","width":"1024","height":"1024","caption":"FUTURA"},"image":{"@id":"https:\/\/futuraestudio.arq.br\/#\/schema\/logo\/image\/"},"sameAs":["https:\/\/fb.com\/futura.estudio.arq\/","https:\/\/www.instagram.com\/futura.estudio\/"]}]}},"_links":{"self":[{"href":"https:\/\/futuraestudio.arq.br\/index.php\/wp-json\/wp\/v2\/pages\/231","targetHints":{"allow":["GET"]}}],"collection":[{"href":"https:\/\/futuraestudio.arq.br\/index.php\/wp-json\/wp\/v2\/pages"}],"about":[{"href":"https:\/\/futuraestudio.arq.br\/index.php\/wp-json\/wp\/v2\/types\/page"}],"author":[{"embeddable":true,"href":"https:\/\/futuraestudio.arq.br\/index.php\/wp-json\/wp\/v2\/users\/1"}],"replies":[{"embeddable":true,"href":"https:\/\/futuraestudio.arq.br\/index.php\/wp-json\/wp\/v2\/comments?post=231"}],"version-history":[{"count":16,"href":"https:\/\/futuraestudio.arq.br\/index.php\/wp-json\/wp\/v2\/pages\/231\/revisions"}],"predecessor-version":[{"id":1565,"href":"https:\/\/futuraestudio.arq.br\/index.php\/wp-json\/wp\/v2\/pages\/231\/revisions\/1565"}],"wp:attachment":[{"href":"https:\/\/futuraestudio.arq.br\/index.php\/wp-json\/wp\/v2\/media?parent=231"}],"curies":[{"name":"wp","href":"https:\/\/api.w.org\/{rel}","templated":true}]}}