{"id":66,"date":"2023-07-05T14:16:00","date_gmt":"2023-07-05T14:16:00","guid":{"rendered":"https:\/\/futuraestudio.arq.br\/?page_id=66"},"modified":"2024-04-04T17:34:22","modified_gmt":"2024-04-04T17:34:22","slug":"espaco","status":"publish","type":"page","link":"https:\/\/futuraestudio.arq.br\/index.php\/espaco\/","title":{"rendered":"Casa Futura"},"content":{"rendered":"<p>[et_pb_section fb_built=&#8221;1&#8243; _builder_version=&#8221;4.21.2&#8243; _module_preset=&#8221;default&#8221; global_colors_info=&#8221;{}&#8221;][et_pb_row column_structure=&#8221;1_2,1_2&#8243; _builder_version=&#8221;4.21.2&#8243; _module_preset=&#8221;default&#8221; global_colors_info=&#8221;{}&#8221;][et_pb_column type=&#8221;1_2&#8243; _builder_version=&#8221;4.21.2&#8243; _module_preset=&#8221;default&#8221; global_colors_info=&#8221;{}&#8221;][et_pb_text _builder_version=&#8221;4.23.1&#8243; _module_preset=&#8221;default&#8221; text_font_size=&#8221;18px&#8221; header_font=&#8221;Futura Light|300|||||||&#8221; header_letter_spacing=&#8221;1px&#8221; header_3_line_height=&#8221;1.2em&#8221; global_colors_info=&#8221;{}&#8221;]<\/p>\n<h1><em>CASA FUTURA<\/em><\/h1>\n<h4>Somos um espa\u00e7o criativo, acolhedor e vers\u00e1til que se adapta para diversas necessidades e eventos \u2013 trazendo o nosso DNA simples e sofisticado nos detalhes e na condu\u00e7\u00e3o de cada projeto.<\/h4>\n<p>[\/et_pb_text][\/et_pb_column][et_pb_column type=&#8221;1_2&#8243; _builder_version=&#8221;4.21.2&#8243; _module_preset=&#8221;default&#8221; global_colors_info=&#8221;{}&#8221;][\/et_pb_column][\/et_pb_row][\/et_pb_section][et_pb_section fb_built=&#8221;1&#8243; fullwidth=&#8221;on&#8221; _builder_version=&#8221;4.21.2&#8243; _module_preset=&#8221;default&#8221; global_colors_info=&#8221;{}&#8221;][et_pb_fullwidth_image src=&#8221;https:\/\/futuraestudio.arq.br\/wp-content\/uploads\/2024\/02\/CASA_FUTURA-SALA2.jpg&#8221; title_text=&#8221;CASA_FUTURA-SALA2&#8243; _builder_version=&#8221;4.24.0&#8243; _module_preset=&#8221;default&#8221; global_colors_info=&#8221;{}&#8221;][\/et_pb_fullwidth_image][\/et_pb_section][et_pb_section fb_built=&#8221;1&#8243; specialty=&#8221;on&#8221; _builder_version=&#8221;4.21.2&#8243; _module_preset=&#8221;default&#8221; global_colors_info=&#8221;{}&#8221;][et_pb_column type=&#8221;1_2&#8243; _builder_version=&#8221;4.16&#8243; custom_padding=&#8221;|||&#8221; global_colors_info=&#8221;{}&#8221; custom_padding__hover=&#8221;|||&#8221;][et_pb_image src=&#8221;https:\/\/futuraestudio.arq.br\/wp-content\/uploads\/2024\/02\/LAYOUT-MARGARIDA.png&#8221; title_text=&#8221;LAYOUT MARGARIDA&#8221; show_bottom_space=&#8221;off&#8221; force_fullwidth=&#8221;on&#8221; _builder_version=&#8221;4.24.0&#8243; _module_preset=&#8221;default&#8221; custom_margin=&#8221;-20px||||false|false&#8221; global_colors_info=&#8221;{}&#8221;][\/et_pb_image][\/et_pb_column][et_pb_column type=&#8221;1_2&#8243; specialty_columns=&#8221;2&#8243; _builder_version=&#8221;4.16&#8243; custom_padding=&#8221;|||&#8221; global_colors_info=&#8221;{}&#8221; custom_padding__hover=&#8221;|||&#8221;][et_pb_row_inner _builder_version=&#8221;4.21.2&#8243; _module_preset=&#8221;default&#8221; custom_padding=&#8221;61px|||||&#8221; global_colors_info=&#8221;{}&#8221;][et_pb_column_inner saved_specialty_column_type=&#8221;1_2&#8243; _builder_version=&#8221;4.21.2&#8243; _module_preset=&#8221;default&#8221; global_colors_info=&#8221;{}&#8221;][et_pb_text _builder_version=&#8221;4.23.1&#8243; _module_preset=&#8221;default&#8221; header_5_line_height=&#8221;1.5em&#8221; global_colors_info=&#8221;{}&#8221;]<\/p>\n<h5>Originalmente pensada para ser o escrit\u00f3rio da <em>FUTURA<\/em>, a <em>CASA FUTURA<\/em> ganhou (mais) vida a partir da vis\u00e3o e ousadia da arquiteta Larissa Burke que viu no espa\u00e7o potencial para ir al\u00e9m e abriu as suas portas para outras experi\u00eancias.<\/h5>\n<h5><\/h5>\n<h5>Com a inten\u00e7\u00e3o de ser morada para outros artistas, criativos, inovadores a casa tem a possibilidade de abrigar:<\/h5>\n<ul>\n<li>\n<h5>eventos de pequeno e m\u00e9dio porte;<\/h5>\n<\/li>\n<li>\n<h5>equipes de audiovisual para grava\u00e7\u00e3o de filmes;<\/h5>\n<\/li>\n<li>\n<h5>campanhas fotogr\u00e1ficas e publicit\u00e1rias;<\/h5>\n<\/li>\n<li>\n<h5>exposi\u00e7\u00f5es de arte;<\/h5>\n<\/li>\n<li>\n<h5>feiras de arte;<\/h5>\n<\/li>\n<li>\n<h5>cursos e palestras;<\/h5>\n<\/li>\n<\/ul>\n<p>[\/et_pb_text][et_pb_button button_url=&#8221;http:\/\/wa.me\/5511946093533&#8243; url_new_window=&#8221;on&#8221; button_text=&#8221;ENTRE EM CONTATO&#8221; _builder_version=&#8221;4.24.0&#8243; _module_preset=&#8221;default&#8221; global_colors_info=&#8221;{}&#8221;][\/et_pb_button][\/et_pb_column_inner][\/et_pb_row_inner][\/et_pb_column][\/et_pb_section][et_pb_section fb_built=&#8221;1&#8243; _builder_version=&#8221;4.24.0&#8243; _module_preset=&#8221;default&#8221; global_colors_info=&#8221;{}&#8221;][et_pb_row _builder_version=&#8221;4.24.0&#8243; _module_preset=&#8221;default&#8221; global_colors_info=&#8221;{}&#8221;][et_pb_column type=&#8221;4_4&#8243; _builder_version=&#8221;4.24.0&#8243; _module_preset=&#8221;default&#8221; global_colors_info=&#8221;{}&#8221;][et_pb_gallery gallery_ids=&#8221;771,765,766,767,768,769,770,1096&#8243; posts_number=&#8221;10&#8243; orientation=&#8221;portrait&#8221; show_title_and_caption=&#8221;off&#8221; show_pagination=&#8221;off&#8221; _builder_version=&#8221;4.24.2&#8243; _module_preset=&#8221;default&#8221; hover_enabled=&#8221;0&#8243; global_colors_info=&#8221;{}&#8221; sticky_enabled=&#8221;0&#8243;][\/et_pb_gallery][\/et_pb_column][\/et_pb_row][\/et_pb_section]<\/p>\n","protected":false},"excerpt":{"rendered":"<p>CASA FUTURA Somos um espa\u00e7o criativo, acolhedor e vers\u00e1til que se adapta para diversas necessidades e eventos \u2013 trazendo o nosso DNA simples e sofisticado nos detalhes e na condu\u00e7\u00e3o de cada projeto.Originalmente pensada para ser o escrit\u00f3rio da FUTURA, a CASA FUTURA ganhou (mais) vida a partir da vis\u00e3o e ousadia da arquiteta Larissa [&hellip;]<\/p>\n","protected":false},"author":1,"featured_media":0,"parent":0,"menu_order":0,"comment_status":"closed","ping_status":"closed","template":"","meta":{"_et_pb_use_builder":"on","_et_pb_old_content":"","_et_gb_content_width":"","footnotes":"","_links_to":"","_links_to_target":""},"class_list":["post-66","page","type-page","status-publish","hentry"],"yoast_head":"<!-- This site is optimized with the Yoast SEO plugin v26.9 - https:\/\/yoast.com\/product\/yoast-seo-wordpress\/ -->\n<title>Casa Futura - FUTURA<\/title>\n<meta name=\"robots\" content=\"index, follow, max-snippet:-1, max-image-preview:large, max-video-preview:-1\" \/>\n<link rel=\"canonical\" href=\"https:\/\/futuraestudio.arq.br\/index.php\/espaco\/\" \/>\n<meta property=\"og:locale\" content=\"en_US\" \/>\n<meta property=\"og:type\" content=\"article\" \/>\n<meta property=\"og:title\" content=\"Casa Futura - FUTURA\" \/>\n<meta property=\"og:description\" content=\"CASA FUTURA Somos um espa\u00e7o criativo, acolhedor e vers\u00e1til que se adapta para diversas necessidades e eventos \u2013 trazendo o nosso DNA simples e sofisticado nos detalhes e na condu\u00e7\u00e3o de cada projeto.Originalmente pensada para ser o escrit\u00f3rio da FUTURA, a CASA FUTURA ganhou (mais) vida a partir da vis\u00e3o e ousadia da arquiteta Larissa [&hellip;]\" \/>\n<meta property=\"og:url\" content=\"https:\/\/futuraestudio.arq.br\/index.php\/espaco\/\" \/>\n<meta property=\"og:site_name\" content=\"FUTURA\" \/>\n<meta property=\"article:publisher\" content=\"https:\/\/fb.com\/futura.estudio.arq\/\" \/>\n<meta property=\"article:modified_time\" content=\"2024-04-04T17:34:22+00:00\" \/>\n<meta name=\"twitter:card\" content=\"summary_large_image\" \/>\n<meta name=\"twitter:label1\" content=\"Est. reading time\" \/>\n\t<meta name=\"twitter:data1\" content=\"3 minutes\" \/>\n<script type=\"application\/ld+json\" class=\"yoast-schema-graph\">{\"@context\":\"https:\/\/schema.org\",\"@graph\":[{\"@type\":\"WebPage\",\"@id\":\"https:\/\/futuraestudio.arq.br\/index.php\/espaco\/\",\"url\":\"https:\/\/futuraestudio.arq.br\/index.php\/espaco\/\",\"name\":\"Casa Futura - FUTURA\",\"isPartOf\":{\"@id\":\"https:\/\/futuraestudio.arq.br\/#website\"},\"datePublished\":\"2023-07-05T14:16:00+00:00\",\"dateModified\":\"2024-04-04T17:34:22+00:00\",\"breadcrumb\":{\"@id\":\"https:\/\/futuraestudio.arq.br\/index.php\/espaco\/#breadcrumb\"},\"inLanguage\":\"en-US\",\"potentialAction\":[{\"@type\":\"ReadAction\",\"target\":[\"https:\/\/futuraestudio.arq.br\/index.php\/espaco\/\"]}]},{\"@type\":\"BreadcrumbList\",\"@id\":\"https:\/\/futuraestudio.arq.br\/index.php\/espaco\/#breadcrumb\",\"itemListElement\":[{\"@type\":\"ListItem\",\"position\":1,\"name\":\"Home\",\"item\":\"https:\/\/futuraestudio.arq.br\/\"},{\"@type\":\"ListItem\",\"position\":2,\"name\":\"Casa Futura\"}]},{\"@type\":\"WebSite\",\"@id\":\"https:\/\/futuraestudio.arq.br\/#website\",\"url\":\"https:\/\/futuraestudio.arq.br\/\",\"name\":\"FUTURA\",\"description\":\"facilitamos o complexo e respeitamos o simples\",\"publisher\":{\"@id\":\"https:\/\/futuraestudio.arq.br\/#organization\"},\"potentialAction\":[{\"@type\":\"SearchAction\",\"target\":{\"@type\":\"EntryPoint\",\"urlTemplate\":\"https:\/\/futuraestudio.arq.br\/?s={search_term_string}\"},\"query-input\":{\"@type\":\"PropertyValueSpecification\",\"valueRequired\":true,\"valueName\":\"search_term_string\"}}],\"inLanguage\":\"en-US\"},{\"@type\":\"Organization\",\"@id\":\"https:\/\/futuraestudio.arq.br\/#organization\",\"name\":\"FUTURA\",\"url\":\"https:\/\/futuraestudio.arq.br\/\",\"logo\":{\"@type\":\"ImageObject\",\"inLanguage\":\"en-US\",\"@id\":\"https:\/\/futuraestudio.arq.br\/#\/schema\/logo\/image\/\",\"url\":\"https:\/\/futuraestudio.arq.br\/wp-content\/uploads\/2023\/07\/FUTURA_ESTUDIO_LOGO.svg\",\"contentUrl\":\"https:\/\/futuraestudio.arq.br\/wp-content\/uploads\/2023\/07\/FUTURA_ESTUDIO_LOGO.svg\",\"width\":\"1024\",\"height\":\"1024\",\"caption\":\"FUTURA\"},\"image\":{\"@id\":\"https:\/\/futuraestudio.arq.br\/#\/schema\/logo\/image\/\"},\"sameAs\":[\"https:\/\/fb.com\/futura.estudio.arq\/\",\"https:\/\/www.instagram.com\/futura.estudio\/\"]}]}<\/script>\n<!-- \/ Yoast SEO plugin. -->","yoast_head_json":{"title":"Casa Futura - FUTURA","robots":{"index":"index","follow":"follow","max-snippet":"max-snippet:-1","max-image-preview":"max-image-preview:large","max-video-preview":"max-video-preview:-1"},"canonical":"https:\/\/futuraestudio.arq.br\/index.php\/espaco\/","og_locale":"en_US","og_type":"article","og_title":"Casa Futura - FUTURA","og_description":"CASA FUTURA Somos um espa\u00e7o criativo, acolhedor e vers\u00e1til que se adapta para diversas necessidades e eventos \u2013 trazendo o nosso DNA simples e sofisticado nos detalhes e na condu\u00e7\u00e3o de cada projeto.Originalmente pensada para ser o escrit\u00f3rio da FUTURA, a CASA FUTURA ganhou (mais) vida a partir da vis\u00e3o e ousadia da arquiteta Larissa [&hellip;]","og_url":"https:\/\/futuraestudio.arq.br\/index.php\/espaco\/","og_site_name":"FUTURA","article_publisher":"https:\/\/fb.com\/futura.estudio.arq\/","article_modified_time":"2024-04-04T17:34:22+00:00","twitter_card":"summary_large_image","twitter_misc":{"Est. reading time":"3 minutes"},"schema":{"@context":"https:\/\/schema.org","@graph":[{"@type":"WebPage","@id":"https:\/\/futuraestudio.arq.br\/index.php\/espaco\/","url":"https:\/\/futuraestudio.arq.br\/index.php\/espaco\/","name":"Casa Futura - FUTURA","isPartOf":{"@id":"https:\/\/futuraestudio.arq.br\/#website"},"datePublished":"2023-07-05T14:16:00+00:00","dateModified":"2024-04-04T17:34:22+00:00","breadcrumb":{"@id":"https:\/\/futuraestudio.arq.br\/index.php\/espaco\/#breadcrumb"},"inLanguage":"en-US","potentialAction":[{"@type":"ReadAction","target":["https:\/\/futuraestudio.arq.br\/index.php\/espaco\/"]}]},{"@type":"BreadcrumbList","@id":"https:\/\/futuraestudio.arq.br\/index.php\/espaco\/#breadcrumb","itemListElement":[{"@type":"ListItem","position":1,"name":"Home","item":"https:\/\/futuraestudio.arq.br\/"},{"@type":"ListItem","position":2,"name":"Casa Futura"}]},{"@type":"WebSite","@id":"https:\/\/futuraestudio.arq.br\/#website","url":"https:\/\/futuraestudio.arq.br\/","name":"FUTURA","description":"facilitamos o complexo e respeitamos o simples","publisher":{"@id":"https:\/\/futuraestudio.arq.br\/#organization"},"potentialAction":[{"@type":"SearchAction","target":{"@type":"EntryPoint","urlTemplate":"https:\/\/futuraestudio.arq.br\/?s={search_term_string}"},"query-input":{"@type":"PropertyValueSpecification","valueRequired":true,"valueName":"search_term_string"}}],"inLanguage":"en-US"},{"@type":"Organization","@id":"https:\/\/futuraestudio.arq.br\/#organization","name":"FUTURA","url":"https:\/\/futuraestudio.arq.br\/","logo":{"@type":"ImageObject","inLanguage":"en-US","@id":"https:\/\/futuraestudio.arq.br\/#\/schema\/logo\/image\/","url":"https:\/\/futuraestudio.arq.br\/wp-content\/uploads\/2023\/07\/FUTURA_ESTUDIO_LOGO.svg","contentUrl":"https:\/\/futuraestudio.arq.br\/wp-content\/uploads\/2023\/07\/FUTURA_ESTUDIO_LOGO.svg","width":"1024","height":"1024","caption":"FUTURA"},"image":{"@id":"https:\/\/futuraestudio.arq.br\/#\/schema\/logo\/image\/"},"sameAs":["https:\/\/fb.com\/futura.estudio.arq\/","https:\/\/www.instagram.com\/futura.estudio\/"]}]}},"_links":{"self":[{"href":"https:\/\/futuraestudio.arq.br\/index.php\/wp-json\/wp\/v2\/pages\/66","targetHints":{"allow":["GET"]}}],"collection":[{"href":"https:\/\/futuraestudio.arq.br\/index.php\/wp-json\/wp\/v2\/pages"}],"about":[{"href":"https:\/\/futuraestudio.arq.br\/index.php\/wp-json\/wp\/v2\/types\/page"}],"author":[{"embeddable":true,"href":"https:\/\/futuraestudio.arq.br\/index.php\/wp-json\/wp\/v2\/users\/1"}],"replies":[{"embeddable":true,"href":"https:\/\/futuraestudio.arq.br\/index.php\/wp-json\/wp\/v2\/comments?post=66"}],"version-history":[{"count":20,"href":"https:\/\/futuraestudio.arq.br\/index.php\/wp-json\/wp\/v2\/pages\/66\/revisions"}],"predecessor-version":[{"id":1098,"href":"https:\/\/futuraestudio.arq.br\/index.php\/wp-json\/wp\/v2\/pages\/66\/revisions\/1098"}],"wp:attachment":[{"href":"https:\/\/futuraestudio.arq.br\/index.php\/wp-json\/wp\/v2\/media?parent=66"}],"curies":[{"name":"wp","href":"https:\/\/api.w.org\/{rel}","templated":true}]}}